{"id":89,"date":"2023-12-08T15:53:28","date_gmt":"2023-12-08T12:53:28","guid":{"rendered":"http:\/\/bricizmir.org\/?page_id=89"},"modified":"2026-01-18T21:43:58","modified_gmt":"2026-01-18T18:43:58","slug":"89-2","status":"publish","type":"page","link":"https:\/\/bricizmir.org\/","title":{"rendered":"Duyurular"},"content":{"rendered":"\n<figure class=\"wp-block-image size-large is-resized\"><img loading=\"lazy\" decoding=\"async\" width=\"1017\" height=\"1024\" src=\"https:\/\/bricizmir.org\/wp-content\/uploads\/2026\/01\/2026-SONUCLAR-AFIS-WEB-1017x1024.jpg\" alt=\"\" class=\"wp-image-301\" style=\"aspect-ratio:0.992969696969697;width:808px;height:auto\" srcset=\"https:\/\/bricizmir.org\/wp-content\/uploads\/2026\/01\/2026-SONUCLAR-AFIS-WEB-1017x1024.jpg 1017w, https:\/\/bricizmir.org\/wp-content\/uploads\/2026\/01\/2026-SONUCLAR-AFIS-WEB-298x300.jpg 298w, https:\/\/bricizmir.org\/wp-content\/uploads\/2026\/01\/2026-SONUCLAR-AFIS-WEB-150x150.jpg 150w, https:\/\/bricizmir.org\/wp-content\/uploads\/2026\/01\/2026-SONUCLAR-AFIS-WEB-768x773.jpg 768w, https:\/\/bricizmir.org\/wp-content\/uploads\/2026\/01\/2026-SONUCLAR-AFIS-WEB-1525x1536.jpg 1525w, https:\/\/bricizmir.org\/wp-content\/uploads\/2026\/01\/2026-SONUCLAR-AFIS-WEB-2034x2048.jpg 2034w, https:\/\/bricizmir.org\/wp-content\/uploads\/2026\/01\/2026-SONUCLAR-AFIS-WEB-80x80.jpg 80w\" sizes=\"auto, (max-width: 1017px) 100vw, 1017px\" \/><\/figure>\n\n\n\n<figure class=\"wp-block-image size-large\"><img loading=\"lazy\" decoding=\"async\" width=\"1024\" height=\"404\" src=\"https:\/\/bricizmir.org\/wp-content\/uploads\/2025\/12\/2026-yens-yil-1024x404.jpg\" alt=\"\" class=\"wp-image-296\" srcset=\"https:\/\/bricizmir.org\/wp-content\/uploads\/2025\/12\/2026-yens-yil-1024x404.jpg 1024w, https:\/\/bricizmir.org\/wp-content\/uploads\/2025\/12\/2026-yens-yil-300x118.jpg 300w, https:\/\/bricizmir.org\/wp-content\/uploads\/2025\/12\/2026-yens-yil-768x303.jpg 768w, https:\/\/bricizmir.org\/wp-content\/uploads\/2025\/12\/2026-yens-yil-1536x606.jpg 1536w, https:\/\/bricizmir.org\/wp-content\/uploads\/2025\/12\/2026-yens-yil-2048x808.jpg 2048w\" sizes=\"auto, (max-width: 1024px) 100vw, 1024px\" \/><\/figure>\n\n\n\n<p><\/p>\n\n\n\n<figure class=\"wp-block-image size-large\"><img loading=\"lazy\" decoding=\"async\" width=\"744\" height=\"1024\" src=\"https:\/\/bricizmir.org\/wp-content\/uploads\/2025\/12\/2026-STATU-744x1024.jpg\" alt=\"\" class=\"wp-image-291\" srcset=\"https:\/\/bricizmir.org\/wp-content\/uploads\/2025\/12\/2026-STATU-744x1024.jpg 744w, https:\/\/bricizmir.org\/wp-content\/uploads\/2025\/12\/2026-STATU-218x300.jpg 218w, https:\/\/bricizmir.org\/wp-content\/uploads\/2025\/12\/2026-STATU-768x1057.jpg 768w, https:\/\/bricizmir.org\/wp-content\/uploads\/2025\/12\/2026-STATU-1116x1536.jpg 1116w, https:\/\/bricizmir.org\/wp-content\/uploads\/2025\/12\/2026-STATU-1488x2048.jpg 1488w, https:\/\/bricizmir.org\/wp-content\/uploads\/2025\/12\/2026-STATU-scaled.jpg 1860w\" sizes=\"auto, (max-width: 744px) 100vw, 744px\" \/><\/figure>\n\n\n\n<figure class=\"wp-block-image size-large is-resized\"><img loading=\"lazy\" decoding=\"async\" width=\"805\" height=\"1024\" src=\"https:\/\/bricizmir.org\/wp-content\/uploads\/2025\/07\/2025-EGE-SONUC-805x1024.jpg\" alt=\"\" class=\"wp-image-275\" style=\"width:875px;height:auto\" srcset=\"https:\/\/bricizmir.org\/wp-content\/uploads\/2025\/07\/2025-EGE-SONUC-805x1024.jpg 805w, https:\/\/bricizmir.org\/wp-content\/uploads\/2025\/07\/2025-EGE-SONUC-236x300.jpg 236w, https:\/\/bricizmir.org\/wp-content\/uploads\/2025\/07\/2025-EGE-SONUC-768x977.jpg 768w, https:\/\/bricizmir.org\/wp-content\/uploads\/2025\/07\/2025-EGE-SONUC-1207x1536.jpg 1207w, https:\/\/bricizmir.org\/wp-content\/uploads\/2025\/07\/2025-EGE-SONUC.jpg 1558w\" sizes=\"auto, (max-width: 805px) 100vw, 805px\" \/><\/figure>\n\n\n\n<figure class=\"wp-block-image size-large is-resized\"><img loading=\"lazy\" decoding=\"async\" width=\"837\" height=\"1024\" src=\"https:\/\/bricizmir.org\/wp-content\/uploads\/2025\/04\/XL-111-837x1024.jpg\" alt=\"\" class=\"wp-image-272\" style=\"width:797px;height:auto\" srcset=\"https:\/\/bricizmir.org\/wp-content\/uploads\/2025\/04\/XL-111-837x1024.jpg 837w, https:\/\/bricizmir.org\/wp-content\/uploads\/2025\/04\/XL-111-245x300.jpg 245w, https:\/\/bricizmir.org\/wp-content\/uploads\/2025\/04\/XL-111-768x939.jpg 768w, https:\/\/bricizmir.org\/wp-content\/uploads\/2025\/04\/XL-111-1256x1536.jpg 1256w, https:\/\/bricizmir.org\/wp-content\/uploads\/2025\/04\/XL-111.jpg 1638w\" sizes=\"auto, (max-width: 837px) 100vw, 837px\" \/><\/figure>\n\n\n\n<figure data-wp-context=\"{&quot;imageId&quot;:&quot;69f0a35b14427&quot;}\" data-wp-interactive=\"core\/image\" data-wp-key=\"69f0a35b14427\" class=\"wp-block-image size-large is-resized wp-lightbox-container\"><img loading=\"lazy\" decoding=\"async\" width=\"748\" height=\"1024\" data-wp-class--hide=\"state.isContentHidden\" data-wp-class--show=\"state.isContentVisible\" data-wp-init=\"callbacks.setButtonStyles\" data-wp-on--click=\"actions.showLightbox\" data-wp-on--load=\"callbacks.setButtonStyles\" data-wp-on-window--resize=\"callbacks.setButtonStyles\" src=\"https:\/\/bricizmir.org\/wp-content\/uploads\/2025\/02\/SONUC-748x1024.jpg\" alt=\"\" class=\"wp-image-261\" style=\"width:766px;height:auto\" srcset=\"https:\/\/bricizmir.org\/wp-content\/uploads\/2025\/02\/SONUC-748x1024.jpg 748w, https:\/\/bricizmir.org\/wp-content\/uploads\/2025\/02\/SONUC-219x300.jpg 219w, https:\/\/bricizmir.org\/wp-content\/uploads\/2025\/02\/SONUC-768x1052.jpg 768w, https:\/\/bricizmir.org\/wp-content\/uploads\/2025\/02\/SONUC-1122x1536.jpg 1122w, https:\/\/bricizmir.org\/wp-content\/uploads\/2025\/02\/SONUC-1496x2048.jpg 1496w, https:\/\/bricizmir.org\/wp-content\/uploads\/2025\/02\/SONUC.jpg 1682w\" sizes=\"auto, (max-width: 748px) 100vw, 748px\" \/><button\n\t\t\tclass=\"lightbox-trigger\"\n\t\t\ttype=\"button\"\n\t\t\taria-haspopup=\"dialog\"\n\t\t\taria-label=\"B\u00fcy\u00fct\"\n\t\t\tdata-wp-init=\"callbacks.initTriggerButton\"\n\t\t\tdata-wp-on--click=\"actions.showLightbox\"\n\t\t\tdata-wp-style--right=\"state.imageButtonRight\"\n\t\t\tdata-wp-style--top=\"state.imageButtonTop\"\n\t\t>\n\t\t\t<svg xmlns=\"http:\/\/www.w3.org\/2000\/svg\" width=\"12\" height=\"12\" fill=\"none\" viewBox=\"0 0 12 12\">\n\t\t\t\t<path fill=\"#fff\" d=\"M2 0a2 2 0 0 0-2 2v2h1.5V2a.5.5 0 0 1 .5-.5h2V0H2Zm2 10.5H2a.5.5 0 0 1-.5-.5V8H0v2a2 2 0 0 0 2 2h2v-1.5ZM8 12v-1.5h2a.5.5 0 0 0 .5-.5V8H12v2a2 2 0 0 1-2 2H8Zm2-12a2 2 0 0 1 2 2v2h-1.5V2a.5.5 0 0 0-.5-.5H8V0h2Z\" \/>\n\t\t\t<\/svg>\n\t\t<\/button><\/figure>\n\n\n\n<p><strong>KI\u015e A\u00c7IK TAKIMLAR K A Y I T<\/strong><a href=\"https:\/\/mp.tbricfed.org.tr\/panel\/user\/cart\/reg-tournaments\/616\/register\">         https:\/\/mp.tbricfed.org.tr\/panel\/user\/cart\/reg-tournaments\/616\/register<\/a><\/p>\n\n\n\n<figure class=\"wp-block-image size-large\"><img loading=\"lazy\" decoding=\"async\" width=\"1024\" height=\"651\" src=\"https:\/\/bricizmir.org\/wp-content\/uploads\/2024\/12\/2025-1024x651.jpg\" alt=\"\" class=\"wp-image-249\" srcset=\"https:\/\/bricizmir.org\/wp-content\/uploads\/2024\/12\/2025-1024x651.jpg 1024w, https:\/\/bricizmir.org\/wp-content\/uploads\/2024\/12\/2025-300x191.jpg 300w, https:\/\/bricizmir.org\/wp-content\/uploads\/2024\/12\/2025-768x488.jpg 768w, https:\/\/bricizmir.org\/wp-content\/uploads\/2024\/12\/2025.jpg 1444w\" sizes=\"auto, (max-width: 1024px) 100vw, 1024px\" \/><\/figure>\n\n\n\n<p><strong><a href=\"https:\/\/mp.tbricfed.org.tr\/reg-tournaments\/616\">KAYIT OLANLAR<\/a><\/strong><a href=\"https:\/\/mp.tbricfed.org.tr\/reg-tournaments\/616\">            https:\/\/mp.tbricfed.org.tr\/reg-tournaments\/616<\/a><\/p>\n\n\n\n<figure class=\"wp-block-image size-full is-resized\"><img loading=\"lazy\" decoding=\"async\" width=\"2013\" height=\"2560\" src=\"https:\/\/bricizmir.org\/wp-content\/uploads\/2024\/11\/2025-kIS-sTATU-scaled.jpg\" alt=\"\" class=\"wp-image-237\" style=\"width:774px;height:auto\" srcset=\"https:\/\/bricizmir.org\/wp-content\/uploads\/2024\/11\/2025-kIS-sTATU-scaled.jpg 2013w, https:\/\/bricizmir.org\/wp-content\/uploads\/2024\/11\/2025-kIS-sTATU-236x300.jpg 236w, https:\/\/bricizmir.org\/wp-content\/uploads\/2024\/11\/2025-kIS-sTATU-805x1024.jpg 805w, https:\/\/bricizmir.org\/wp-content\/uploads\/2024\/11\/2025-kIS-sTATU-768x977.jpg 768w, https:\/\/bricizmir.org\/wp-content\/uploads\/2024\/11\/2025-kIS-sTATU-1208x1536.jpg 1208w, https:\/\/bricizmir.org\/wp-content\/uploads\/2024\/11\/2025-kIS-sTATU-1610x2048.jpg 1610w\" sizes=\"auto, (max-width: 2013px) 100vw, 2013px\" \/><\/figure>\n\n\n\n<figure class=\"wp-block-image size-full is-resized\"><img loading=\"lazy\" decoding=\"async\" width=\"526\" height=\"526\" src=\"https:\/\/bricizmir.org\/wp-content\/uploads\/2024\/11\/Dunya-sampiyonu-1111-1.jpg\" alt=\"\" class=\"wp-image-240\" style=\"width:770px;height:auto\" srcset=\"https:\/\/bricizmir.org\/wp-content\/uploads\/2024\/11\/Dunya-sampiyonu-1111-1.jpg 526w, https:\/\/bricizmir.org\/wp-content\/uploads\/2024\/11\/Dunya-sampiyonu-1111-1-300x300.jpg 300w, https:\/\/bricizmir.org\/wp-content\/uploads\/2024\/11\/Dunya-sampiyonu-1111-1-150x150.jpg 150w, https:\/\/bricizmir.org\/wp-content\/uploads\/2024\/11\/Dunya-sampiyonu-1111-1-80x80.jpg 80w, https:\/\/bricizmir.org\/wp-content\/uploads\/2024\/11\/Dunya-sampiyonu-1111-1-320x320.jpg 320w\" sizes=\"auto, (max-width: 526px) 100vw, 526px\" \/><\/figure>\n\n\n<div class=\"wp-block-image\">\n<figure data-wp-context=\"{&quot;imageId&quot;:&quot;69f0a35b15294&quot;}\" data-wp-interactive=\"core\/image\" data-wp-key=\"69f0a35b15294\" class=\"alignleft size-full is-resized wp-lightbox-container\"><img loading=\"lazy\" decoding=\"async\" width=\"2060\" height=\"888\" data-wp-class--hide=\"state.isContentHidden\" data-wp-class--show=\"state.isContentVisible\" data-wp-init=\"callbacks.setButtonStyles\" data-wp-on--click=\"actions.showLightbox\" data-wp-on--load=\"callbacks.setButtonStyles\" data-wp-on-window--resize=\"callbacks.setButtonStyles\" src=\"https:\/\/bricizmir.org\/wp-content\/uploads\/2024\/06\/2024-KLPLR-son-duyuru-1.jpg\" alt=\"\" class=\"wp-image-219\" style=\"width:852px;height:auto\" srcset=\"https:\/\/bricizmir.org\/wp-content\/uploads\/2024\/06\/2024-KLPLR-son-duyuru-1.jpg 2060w, https:\/\/bricizmir.org\/wp-content\/uploads\/2024\/06\/2024-KLPLR-son-duyuru-1-300x129.jpg 300w, https:\/\/bricizmir.org\/wp-content\/uploads\/2024\/06\/2024-KLPLR-son-duyuru-1-1024x441.jpg 1024w, https:\/\/bricizmir.org\/wp-content\/uploads\/2024\/06\/2024-KLPLR-son-duyuru-1-768x331.jpg 768w, https:\/\/bricizmir.org\/wp-content\/uploads\/2024\/06\/2024-KLPLR-son-duyuru-1-1536x662.jpg 1536w, https:\/\/bricizmir.org\/wp-content\/uploads\/2024\/06\/2024-KLPLR-son-duyuru-1-2048x883.jpg 2048w\" sizes=\"auto, (max-width: 2060px) 100vw, 2060px\" \/><button\n\t\t\tclass=\"lightbox-trigger\"\n\t\t\ttype=\"button\"\n\t\t\taria-haspopup=\"dialog\"\n\t\t\taria-label=\"B\u00fcy\u00fct\"\n\t\t\tdata-wp-init=\"callbacks.initTriggerButton\"\n\t\t\tdata-wp-on--click=\"actions.showLightbox\"\n\t\t\tdata-wp-style--right=\"state.imageButtonRight\"\n\t\t\tdata-wp-style--top=\"state.imageButtonTop\"\n\t\t>\n\t\t\t<svg xmlns=\"http:\/\/www.w3.org\/2000\/svg\" width=\"12\" height=\"12\" fill=\"none\" viewBox=\"0 0 12 12\">\n\t\t\t\t<path fill=\"#fff\" d=\"M2 0a2 2 0 0 0-2 2v2h1.5V2a.5.5 0 0 1 .5-.5h2V0H2Zm2 10.5H2a.5.5 0 0 1-.5-.5V8H0v2a2 2 0 0 0 2 2h2v-1.5ZM8 12v-1.5h2a.5.5 0 0 0 .5-.5V8H12v2a2 2 0 0 1-2 2H8Zm2-12a2 2 0 0 1 2 2v2h-1.5V2a.5.5 0 0 0-.5-.5H8V0h2Z\" \/>\n\t\t\t<\/svg>\n\t\t<\/button><\/figure>\n<\/div>\n\n\n<figure class=\"wp-block-image size-large is-resized\"><img loading=\"lazy\" decoding=\"async\" width=\"435\" height=\"1024\" src=\"https:\/\/bricizmir.org\/wp-content\/uploads\/2024\/07\/2024-KLSR-Sonuc-435x1024.jpg\" alt=\"\" class=\"wp-image-226\" style=\"width:540px;height:auto\" srcset=\"https:\/\/bricizmir.org\/wp-content\/uploads\/2024\/07\/2024-KLSR-Sonuc-435x1024.jpg 435w, https:\/\/bricizmir.org\/wp-content\/uploads\/2024\/07\/2024-KLSR-Sonuc-127x300.jpg 127w, https:\/\/bricizmir.org\/wp-content\/uploads\/2024\/07\/2024-KLSR-Sonuc-768x1808.jpg 768w, https:\/\/bricizmir.org\/wp-content\/uploads\/2024\/07\/2024-KLSR-Sonuc-653x1536.jpg 653w, https:\/\/bricizmir.org\/wp-content\/uploads\/2024\/07\/2024-KLSR-Sonuc-870x2048.jpg 870w, https:\/\/bricizmir.org\/wp-content\/uploads\/2024\/07\/2024-KLSR-Sonuc-scaled.jpg 1088w\" sizes=\"auto, (max-width: 435px) 100vw, 435px\" \/><\/figure>\n\n\n\n\n\n<h2 class=\"wp-block-heading has-text-align-left\"><\/h2>\n\n\n\n<figure class=\"wp-block-image size-large is-resized\"><img loading=\"lazy\" decoding=\"async\" width=\"763\" height=\"1024\" src=\"https:\/\/bricizmir.org\/wp-content\/uploads\/2024\/02\/2024-KIS-ACIK-Sonuc-763x1024.jpg\" alt=\"\" class=\"wp-image-210\" style=\"width:958px;height:auto\" srcset=\"https:\/\/bricizmir.org\/wp-content\/uploads\/2024\/02\/2024-KIS-ACIK-Sonuc-763x1024.jpg 763w, https:\/\/bricizmir.org\/wp-content\/uploads\/2024\/02\/2024-KIS-ACIK-Sonuc-223x300.jpg 223w, https:\/\/bricizmir.org\/wp-content\/uploads\/2024\/02\/2024-KIS-ACIK-Sonuc-768x1031.jpg 768w, https:\/\/bricizmir.org\/wp-content\/uploads\/2024\/02\/2024-KIS-ACIK-Sonuc-1144x1536.jpg 1144w, https:\/\/bricizmir.org\/wp-content\/uploads\/2024\/02\/2024-KIS-ACIK-Sonuc-1525x2048.jpg 1525w, https:\/\/bricizmir.org\/wp-content\/uploads\/2024\/02\/2024-KIS-ACIK-Sonuc-scaled.jpg 1907w\" sizes=\"auto, (max-width: 763px) 100vw, 763px\" \/><\/figure>\n\n\n\n\n\n\n\n\n\n\n\n\n\n\n\n<p><\/p>\n","protected":false},"excerpt":{"rendered":"<p>KI\u015e A\u00c7IK TAKIMLAR K A Y I T https:\/\/mp.tbricfed.org.tr\/panel\/user\/cart\/reg-tournaments\/616\/register KAYIT OLANLAR https:\/\/mp.tbricfed.org.tr\/reg-tournaments\/616<\/p>\n","protected":false},"author":1,"featured_media":0,"parent":0,"menu_order":0,"comment_status":"closed","ping_status":"closed","template":"","meta":{"footnotes":""},"class_list":["post-89","page","type-page","status-publish","hentry"],"yoast_head":"<!-- This site is optimized with the Yoast SEO plugin v21.7 - https:\/\/yoast.com\/wordpress\/plugins\/seo\/ -->\n<title>Duyurular - T\u00fcrkiye Bri\u00e7 Federasyonu \u0130zmir \u0130l Temsilcili\u011fi<\/title>\n<meta name=\"robots\" content=\"index, follow, max-snippet:-1, max-image-preview:large, max-video-preview:-1\" \/>\n<link rel=\"canonical\" href=\"https:\/\/bricizmir.org\/\" \/>\n<meta property=\"og:locale\" content=\"tr_TR\" \/>\n<meta property=\"og:type\" content=\"article\" \/>\n<meta property=\"og:title\" content=\"Duyurular - T\u00fcrkiye Bri\u00e7 Federasyonu \u0130zmir \u0130l Temsilcili\u011fi\" \/>\n<meta property=\"og:description\" content=\"KI\u015e A\u00c7IK TAKIMLAR K A Y I T https:\/\/mp.tbricfed.org.tr\/panel\/user\/cart\/reg-tournaments\/616\/register KAYIT OLANLAR https:\/\/mp.tbricfed.org.tr\/reg-tournaments\/616\" \/>\n<meta property=\"og:url\" content=\"https:\/\/bricizmir.org\/\" \/>\n<meta property=\"og:site_name\" content=\"T\u00fcrkiye Bri\u00e7 Federasyonu \u0130zmir \u0130l Temsilcili\u011fi\" \/>\n<meta property=\"article:modified_time\" content=\"2026-01-18T18:43:58+00:00\" \/>\n<meta property=\"og:image\" content=\"https:\/\/bricizmir.org\/wp-content\/uploads\/2026\/01\/2026-SONUCLAR-AFIS-WEB-1017x1024.jpg\" \/>\n<meta name=\"twitter:card\" content=\"summary_large_image\" \/>\n<meta name=\"twitter:label1\" content=\"Tahmini okuma s\u00fcresi\" \/>\n\t<meta name=\"twitter:data1\" content=\"4 dakika\" \/>\n<script type=\"application\/ld+json\" class=\"yoast-schema-graph\">{\"@context\":\"https:\/\/schema.org\",\"@graph\":[{\"@type\":\"WebPage\",\"@id\":\"https:\/\/bricizmir.org\/\",\"url\":\"https:\/\/bricizmir.org\/\",\"name\":\"Duyurular - T\u00fcrkiye Bri\u00e7 Federasyonu \u0130zmir \u0130l Temsilcili\u011fi\",\"isPartOf\":{\"@id\":\"https:\/\/bricizmir.org\/#website\"},\"datePublished\":\"2023-12-08T12:53:28+00:00\",\"dateModified\":\"2026-01-18T18:43:58+00:00\",\"breadcrumb\":{\"@id\":\"https:\/\/bricizmir.org\/#breadcrumb\"},\"inLanguage\":\"tr\",\"potentialAction\":[{\"@type\":\"ReadAction\",\"target\":[\"https:\/\/bricizmir.org\/\"]}]},{\"@type\":\"BreadcrumbList\",\"@id\":\"https:\/\/bricizmir.org\/#breadcrumb\",\"itemListElement\":[{\"@type\":\"ListItem\",\"position\":1,\"name\":\"Anasayfa\",\"item\":\"https:\/\/bricizmir.org\/\"},{\"@type\":\"ListItem\",\"position\":2,\"name\":\"Duyurular\"}]},{\"@type\":\"WebSite\",\"@id\":\"https:\/\/bricizmir.org\/#website\",\"url\":\"https:\/\/bricizmir.org\/\",\"name\":\"T\u00fcrkiye Bri\u00e7 Federasyonu \u0130zmir \u0130l Temsilcili\u011fi\",\"description\":\"\",\"publisher\":{\"@id\":\"https:\/\/bricizmir.org\/#organization\"},\"potentialAction\":[{\"@type\":\"SearchAction\",\"target\":{\"@type\":\"EntryPoint\",\"urlTemplate\":\"https:\/\/bricizmir.org\/?s={search_term_string}\"},\"query-input\":\"required name=search_term_string\"}],\"inLanguage\":\"tr\"},{\"@type\":\"Organization\",\"@id\":\"https:\/\/bricizmir.org\/#organization\",\"name\":\"T\u00fcrkiye Bri\u00e7 Federasyonu \u0130zmir \u0130l Temsilcili\u011fi\",\"url\":\"https:\/\/bricizmir.org\/\",\"logo\":{\"@type\":\"ImageObject\",\"inLanguage\":\"tr\",\"@id\":\"https:\/\/bricizmir.org\/#\/schema\/logo\/image\/\",\"url\":\"https:\/\/bricizmir.org\/wp-content\/uploads\/2023\/12\/cropped-ustplanbricizmir.jpeg\",\"contentUrl\":\"https:\/\/bricizmir.org\/wp-content\/uploads\/2023\/12\/cropped-ustplanbricizmir.jpeg\",\"width\":1600,\"height\":334,\"caption\":\"T\u00fcrkiye Bri\u00e7 Federasyonu \u0130zmir \u0130l Temsilcili\u011fi\"},\"image\":{\"@id\":\"https:\/\/bricizmir.org\/#\/schema\/logo\/image\/\"}}]}<\/script>\n<!-- \/ Yoast SEO plugin. -->","yoast_head_json":{"title":"Duyurular - T\u00fcrkiye Bri\u00e7 Federasyonu \u0130zmir \u0130l Temsilcili\u011fi","robots":{"index":"index","follow":"follow","max-snippet":"max-snippet:-1","max-image-preview":"max-image-preview:large","max-video-preview":"max-video-preview:-1"},"canonical":"https:\/\/bricizmir.org\/","og_locale":"tr_TR","og_type":"article","og_title":"Duyurular - T\u00fcrkiye Bri\u00e7 Federasyonu \u0130zmir \u0130l Temsilcili\u011fi","og_description":"KI\u015e A\u00c7IK TAKIMLAR K A Y I T https:\/\/mp.tbricfed.org.tr\/panel\/user\/cart\/reg-tournaments\/616\/register KAYIT OLANLAR https:\/\/mp.tbricfed.org.tr\/reg-tournaments\/616","og_url":"https:\/\/bricizmir.org\/","og_site_name":"T\u00fcrkiye Bri\u00e7 Federasyonu \u0130zmir \u0130l Temsilcili\u011fi","article_modified_time":"2026-01-18T18:43:58+00:00","og_image":[{"url":"https:\/\/bricizmir.org\/wp-content\/uploads\/2026\/01\/2026-SONUCLAR-AFIS-WEB-1017x1024.jpg"}],"twitter_card":"summary_large_image","twitter_misc":{"Tahmini okuma s\u00fcresi":"4 dakika"},"schema":{"@context":"https:\/\/schema.org","@graph":[{"@type":"WebPage","@id":"https:\/\/bricizmir.org\/","url":"https:\/\/bricizmir.org\/","name":"Duyurular - T\u00fcrkiye Bri\u00e7 Federasyonu \u0130zmir \u0130l Temsilcili\u011fi","isPartOf":{"@id":"https:\/\/bricizmir.org\/#website"},"datePublished":"2023-12-08T12:53:28+00:00","dateModified":"2026-01-18T18:43:58+00:00","breadcrumb":{"@id":"https:\/\/bricizmir.org\/#breadcrumb"},"inLanguage":"tr","potentialAction":[{"@type":"ReadAction","target":["https:\/\/bricizmir.org\/"]}]},{"@type":"BreadcrumbList","@id":"https:\/\/bricizmir.org\/#breadcrumb","itemListElement":[{"@type":"ListItem","position":1,"name":"Anasayfa","item":"https:\/\/bricizmir.org\/"},{"@type":"ListItem","position":2,"name":"Duyurular"}]},{"@type":"WebSite","@id":"https:\/\/bricizmir.org\/#website","url":"https:\/\/bricizmir.org\/","name":"T\u00fcrkiye Bri\u00e7 Federasyonu \u0130zmir \u0130l Temsilcili\u011fi","description":"","publisher":{"@id":"https:\/\/bricizmir.org\/#organization"},"potentialAction":[{"@type":"SearchAction","target":{"@type":"EntryPoint","urlTemplate":"https:\/\/bricizmir.org\/?s={search_term_string}"},"query-input":"required name=search_term_string"}],"inLanguage":"tr"},{"@type":"Organization","@id":"https:\/\/bricizmir.org\/#organization","name":"T\u00fcrkiye Bri\u00e7 Federasyonu \u0130zmir \u0130l Temsilcili\u011fi","url":"https:\/\/bricizmir.org\/","logo":{"@type":"ImageObject","inLanguage":"tr","@id":"https:\/\/bricizmir.org\/#\/schema\/logo\/image\/","url":"https:\/\/bricizmir.org\/wp-content\/uploads\/2023\/12\/cropped-ustplanbricizmir.jpeg","contentUrl":"https:\/\/bricizmir.org\/wp-content\/uploads\/2023\/12\/cropped-ustplanbricizmir.jpeg","width":1600,"height":334,"caption":"T\u00fcrkiye Bri\u00e7 Federasyonu \u0130zmir \u0130l Temsilcili\u011fi"},"image":{"@id":"https:\/\/bricizmir.org\/#\/schema\/logo\/image\/"}}]}},"_links":{"self":[{"href":"https:\/\/bricizmir.org\/index.php\/wp-json\/wp\/v2\/pages\/89","targetHints":{"allow":["GET"]}}],"collection":[{"href":"https:\/\/bricizmir.org\/index.php\/wp-json\/wp\/v2\/pages"}],"about":[{"href":"https:\/\/bricizmir.org\/index.php\/wp-json\/wp\/v2\/types\/page"}],"author":[{"embeddable":true,"href":"https:\/\/bricizmir.org\/index.php\/wp-json\/wp\/v2\/users\/1"}],"replies":[{"embeddable":true,"href":"https:\/\/bricizmir.org\/index.php\/wp-json\/wp\/v2\/comments?post=89"}],"version-history":[{"count":46,"href":"https:\/\/bricizmir.org\/index.php\/wp-json\/wp\/v2\/pages\/89\/revisions"}],"predecessor-version":[{"id":303,"href":"https:\/\/bricizmir.org\/index.php\/wp-json\/wp\/v2\/pages\/89\/revisions\/303"}],"wp:attachment":[{"href":"https:\/\/bricizmir.org\/index.php\/wp-json\/wp\/v2\/media?parent=89"}],"curies":[{"name":"wp","href":"https:\/\/api.w.org\/{rel}","templated":true}]}}